{"id":2933,"date":"2022-04-06T21:42:59","date_gmt":"2022-04-06T19:42:59","guid":{"rendered":"https:\/\/aleksandra-pintaric.com\/aleksandra-pintaric-savjetovanje\/"},"modified":"2024-05-18T02:00:24","modified_gmt":"2024-05-18T00:00:24","slug":"savjetovanje","status":"publish","type":"page","link":"https:\/\/aleksandra-pintaric.com\/hr\/savjetovanje\/","title":{"rendered":"Savjetovanje"},"content":{"rendered":"<p><div class=\"fusion-fullwidth fullwidth-box fusion-builder-row-1 fusion-flex-container nonhundred-percent-fullwidth non-hundred-percent-height-scrolling\" style=\"--awb-border-radius-top-left:0px;--awb-border-radius-top-right:0px;--awb-border-radius-bottom-right:0px;--awb-border-radius-bottom-left:0px;--awb-padding-top:2%;--awb-padding-bottom:2%;--awb-flex-wrap:wrap;\" ><div class=\"fusion-builder-row fusion-row fusion-flex-align-items-center fusion-flex-justify-content-center fusion-flex-content-wrap\" style=\"max-width:1320.8px;margin-left: calc(-4% \/ 2 );margin-right: calc(-4% \/ 2 );\"><div class=\"fusion-layout-column fusion_builder_column fusion-builder-column-0 fusion_builder_column_1_2 1_2 fusion-flex-column fusion-animated\" style=\"--awb-padding-top:70px;--awb-padding-right:70px;--awb-padding-bottom:70px;--awb-padding-left:70px;--awb-padding-top-medium:70px;--awb-padding-right-medium:70px;--awb-padding-bottom-medium:70px;--awb-padding-left-medium:70px;--awb-padding-top-small:30px;--awb-padding-right-small:30px;--awb-padding-bottom-small:20px;--awb-padding-left-small:30px;--awb-overflow:hidden;--awb-bg-position:center center;--awb-bg-blend:overlay;--awb-bg-size:cover;--awb-border-radius:12px 12px 80px 12px;--awb-width-large:50%;--awb-margin-top-large:0px;--awb-spacing-right-large:3.84%;--awb-margin-bottom-large:0px;--awb-spacing-left-large:3.84%;--awb-width-medium:100%;--awb-order-medium:0;--awb-spacing-right-medium:1.92%;--awb-spacing-left-medium:1.92%;--awb-width-small:100%;--awb-order-small:0;--awb-spacing-right-small:1.92%;--awb-spacing-left-small:1.92%;\" data-animationType=\"fadeInUp\" data-animationDuration=\"1.3\" data-animationOffset=\"top-into-view\"><div class=\"fusion-column-wrapper lazyload fusion-column-has-shadow fusion-flex-justify-content-flex-start fusion-content-layout-column fusion-column-has-bg-image\" data-bg-url=\"https:\/\/aleksandra-pintaric.com\/wp-content\/uploads\/2022\/04\/blue-tr3.png\" data-bg=\"https:\/\/aleksandra-pintaric.com\/wp-content\/uploads\/2022\/04\/blue-tr3.png\"><div class=\"fusion-text fusion-text-1 fusion-text-no-margin\" style=\"--awb-font-size:var(--awb-typography2-font-size);--awb-line-height:var(--awb-typography2-line-height);--awb-letter-spacing:var(--awb-typography2-letter-spacing);--awb-text-transform:var(--awb-typography2-text-transform);--awb-text-color:var(--awb-color8);--awb-margin-top:0px;--awb-margin-bottom:30px;--awb-text-font-family:var(--awb-typography2-font-family);--awb-text-font-weight:var(--awb-typography2-font-weight);--awb-text-font-style:var(--awb-typography2-font-style);\"><span class=\"fusion-highlight light highlight1 awb-highlight-marker\" style=\"--awb-color:var(--awb-color1);\">TJELESNO ORIJENTIRANO SAVJETOVANJE<\/span>\n<\/div><div class=\"fusion-title title fusion-title-1 fusion-sep-none fusion-title-text fusion-title-size-two\" style=\"--awb-text-color:var(--awb-color8);--awb-margin-top:10px;--awb-margin-bottom:50px;--awb-margin-top-small:10px;--awb-margin-bottom-small:30px;\"><h2 class=\"fusion-title-heading title-heading-left fusion-responsive-typography-calculated\" style=\"margin:0;--fontSize:44;line-height:1.26;\"><p class=\"p1\">Samo nekoliko prednosti savjetovanja<\/p><\/h2><\/div><div class=\"fusion-text fusion-text-2\" style=\"--awb-font-size:var(--awb-typography4-font-size);--awb-line-height:var(--awb-typography4-line-height);--awb-letter-spacing:var(--awb-typography4-letter-spacing);--awb-text-transform:var(--awb-typography4-text-transform);--awb-text-color:var(--awb-color8);--awb-text-font-family:var(--awb-typography4-font-family);--awb-text-font-weight:var(--awb-typography4-font-weight);--awb-text-font-style:var(--awb-typography4-font-style);\"><p class=\"p1\">Rad sa traumatskim iskustvima, sposobnost postavljanja granica, ubla\u017eavanje stresa, pove\u0107anje asertivnosti, sposobnost uspostavljanja emocionalne ravnote\u017ee, bolji odnosi, ve\u0107e samopouzdanje, manje tjeskobe.<\/p>\n<\/div><div class=\"fusion-text fusion-text-3\" style=\"--awb-font-size:var(--awb-typography4-font-size);--awb-line-height:var(--awb-typography4-line-height);--awb-letter-spacing:var(--awb-typography4-letter-spacing);--awb-text-transform:var(--awb-typography4-text-transform);--awb-text-color:var(--awb-color8);--awb-text-font-family:var(--awb-typography4-font-family);--awb-text-font-weight:var(--awb-typography4-font-weight);--awb-text-font-style:var(--awb-typography4-font-style);\"><p class=\"p1\">U tjelesno orijentiranom savjetovanju radimo s pohranjenim emocijama i stresom u Va\u0161em tijelu (od djetinjstva do danas) kako bismo Vam pomogli vratiti prirodnije i mirnije stanje ravnote\u017ee u Va\u0161em tijelu, umu i duhu.<\/p>\n<\/div><\/div><\/div><div class=\"fusion-layout-column fusion_builder_column fusion-builder-column-1 fusion_builder_column_1_2 1_2 fusion-flex-column\" style=\"--awb-bg-size:cover;--awb-width-large:50%;--awb-margin-top-large:25px;--awb-spacing-right-large:3.84%;--awb-margin-bottom-large:25px;--awb-spacing-left-large:3.84%;--awb-width-medium:100%;--awb-order-medium:0;--awb-spacing-right-medium:1.92%;--awb-spacing-left-medium:1.92%;--awb-width-small:100%;--awb-order-small:0;--awb-spacing-right-small:1.92%;--awb-spacing-left-small:1.92%;\"><div class=\"fusion-column-wrapper fusion-column-has-shadow fusion-flex-justify-content-flex-start fusion-content-layout-column\"><div class=\"fusion-image-element \" style=\"text-align:center;--awb-caption-title-font-family:var(--h2_typography-font-family);--awb-caption-title-font-weight:var(--h2_typography-font-weight);--awb-caption-title-font-style:var(--h2_typography-font-style);--awb-caption-title-size:var(--h2_typography-font-size);--awb-caption-title-transform:var(--h2_typography-text-transform);--awb-caption-title-line-height:var(--h2_typography-line-height);--awb-caption-title-letter-spacing:var(--h2_typography-letter-spacing);\"><span class=\" fusion-imageframe imageframe-none imageframe-1 hover-type-none\"><img decoding=\"async\" width=\"744\" height=\"400\" title=\"savjetovanje\" src=\"https:\/\/aleksandra-pintaric.com\/wp-content\/uploads\/2022\/05\/counseling.png\" data-orig-src=\"https:\/\/aleksandra-pintaric.com\/wp-content\/uploads\/2022\/05\/counseling.png\" alt class=\"lazyload img-responsive wp-image-3418\" srcset=\"data:image\/svg+xml,%3Csvg%20xmlns%3D%27http%3A%2F%2Fwww.w3.org%2F2000%2Fsvg%27%20width%3D%27744%27%20height%3D%27400%27%20viewBox%3D%270%200%20744%20400%27%3E%3Crect%20width%3D%27744%27%20height%3D%27400%27%20fill-opacity%3D%220%22%2F%3E%3C%2Fsvg%3E\" data-srcset=\"https:\/\/aleksandra-pintaric.com\/wp-content\/uploads\/2022\/05\/counseling-200x108.png 200w, https:\/\/aleksandra-pintaric.com\/wp-content\/uploads\/2022\/05\/counseling-400x215.png 400w, https:\/\/aleksandra-pintaric.com\/wp-content\/uploads\/2022\/05\/counseling-600x323.png 600w, https:\/\/aleksandra-pintaric.com\/wp-content\/uploads\/2022\/05\/counseling.png 744w\" data-sizes=\"auto\" data-orig-sizes=\"(max-width: 1024px) 100vw, (max-width: 640px) 100vw, 600px\" \/><\/span><\/div><\/div><\/div><\/div><\/div><div class=\"fusion-fullwidth fullwidth-box fusion-builder-row-2 fusion-flex-container nonhundred-percent-fullwidth non-hundred-percent-height-scrolling\" style=\"--awb-border-radius-top-left:0px;--awb-border-radius-top-right:0px;--awb-border-radius-bottom-right:0px;--awb-border-radius-bottom-left:0px;--awb-background-image:linear-gradient(180deg, var(--awb-color2) 0%,var(--awb-color1) 100%);--awb-flex-wrap:wrap;\" ><div class=\"fusion-builder-row fusion-row fusion-flex-align-items-flex-start fusion-flex-content-wrap\" style=\"max-width:1320.8px;margin-left: calc(-4% \/ 2 );margin-right: calc(-4% \/ 2 );\"><div class=\"fusion-layout-column fusion_builder_column fusion-builder-column-2 fusion_builder_column_1_1 1_1 fusion-flex-column\" style=\"--awb-bg-size:cover;--awb-width-large:100%;--awb-margin-top-large:25px;--awb-spacing-right-large:1.92%;--awb-margin-bottom-large:25px;--awb-spacing-left-large:1.92%;--awb-width-medium:100%;--awb-order-medium:0;--awb-spacing-right-medium:1.92%;--awb-spacing-left-medium:1.92%;--awb-width-small:100%;--awb-order-small:0;--awb-spacing-right-small:1.92%;--awb-spacing-left-small:1.92%;\"><div class=\"fusion-column-wrapper fusion-column-has-shadow fusion-flex-justify-content-flex-start fusion-content-layout-column\"><div class=\"fusion-tabs fusion-tabs-1 clean nav-is-justified benefits-tabs horizontal-tabs icon-position-left mobile-mode-accordion\" style=\"--awb-title-border-radius-top-left:0px;--awb-title-border-radius-top-right:0px;--awb-title-border-radius-bottom-right:0px;--awb-title-border-radius-bottom-left:0px;--awb-inactive-color:var(--awb-color2);--awb-background-color:var(--awb-color1);--awb-border-color:var(--awb-color3);--awb-active-border-color:var(--awb-color7);\" id=\"benefits-tabs\"><div class=\"nav\"><ul class=\"nav-tabs nav-justified\" role=\"tablist\"><li class=\"active\" role=\"presentation\"><a class=\"tab-link\" data-toggle=\"tab\" role=\"tab\" aria-controls=\"tab-067f40d57c31a089d2b\" aria-selected=\"true\" id=\"fusion-tab-emocionalnaravnote\u017ea\" href=\"#tab-067f40d57c31a089d2b\"><h4 class=\"fusion-tab-heading\">Emocionalna ravnote\u017ea<\/h4><\/a><\/li><li role=\"presentation\"><a class=\"tab-link\" data-toggle=\"tab\" role=\"tab\" aria-controls=\"tab-3545578eee3f1d0b04e\" aria-selected=\"false\" tabindex=\"-1\" id=\"fusion-tab-snala\u017eenjeu\u017eivotnimpromjenama\" href=\"#tab-3545578eee3f1d0b04e\"><h4 class=\"fusion-tab-heading\">Snala\u017eenje u \u017eivotnim promjenama<\/h4><\/a><\/li><li role=\"presentation\"><a class=\"tab-link\" data-toggle=\"tab\" role=\"tab\" aria-controls=\"tab-2b4f26c927463562062\" aria-selected=\"false\" tabindex=\"-1\" id=\"fusion-tab-svijestomentalnomzdravlju\" href=\"#tab-2b4f26c927463562062\"><h4 class=\"fusion-tab-heading\">Svijest o mentalnom zdravlju<\/h4><\/a><\/li><li role=\"presentation\"><a class=\"tab-link\" data-toggle=\"tab\" role=\"tab\" aria-controls=\"tab-8c0c485df3a9885fea2\" aria-selected=\"false\" tabindex=\"-1\" id=\"fusion-tab-osobnirazvoj\" href=\"#tab-8c0c485df3a9885fea2\"><h4 class=\"fusion-tab-heading\"> Osobni razvoj<\/h4><\/a><\/li><li role=\"presentation\"><a class=\"tab-link\" data-toggle=\"tab\" role=\"tab\" aria-controls=\"tab-8881129a208a5c1e3cd\" aria-selected=\"false\" tabindex=\"-1\" id=\"fusion-tab-duhovnirast\" href=\"#tab-8881129a208a5c1e3cd\"><h4 class=\"fusion-tab-heading\">Duhovni rast<\/h4><\/a><\/li><li role=\"presentation\"><a class=\"tab-link\" data-toggle=\"tab\" role=\"tab\" aria-controls=\"tab-15ec692e5eedf686943\" aria-selected=\"false\" tabindex=\"-1\" id=\"fusion-tab-radnaciljevima\" href=\"#tab-15ec692e5eedf686943\"><h4 class=\"fusion-tab-heading\">Rad na ciljevima<\/h4><\/a><\/li><\/ul><\/div><div class=\"tab-content\"><div class=\"nav fusion-mobile-tab-nav\"><ul class=\"nav-tabs nav-justified\" role=\"tablist\"><li class=\"active\" role=\"presentation\"><a class=\"tab-link\" data-toggle=\"tab\" role=\"tab\" aria-controls=\"tab-067f40d57c31a089d2b\" aria-selected=\"true\" id=\"mobile-fusion-tab-emocionalnaravnote\u017ea\" href=\"#tab-067f40d57c31a089d2b\"><h4 class=\"fusion-tab-heading\">Emocionalna ravnote\u017ea<\/h4><\/a><\/li><\/ul><\/div><div class=\"tab-pane fade fusion-clearfix in active\" role=\"tabpanel\" tabindex=\"0\" aria-labelledby=\"fusion-tab-emocionalnaravnote\u017ea\" id=\"tab-067f40d57c31a089d2b\">\n<p>Iskustvo mudrosti tijela<\/p>\n<p>Pustite osje\u0107aje da teku<\/p>\n<p>Priznavanje emocionalne boli<\/p>\n<p>Do\u017eivite iscjeljenje<\/p>\n<p>Prona\u0111ite na\u010din pun ljubavi u odnosu prema sebi i drugima<\/p>\n<\/div><div class=\"nav fusion-mobile-tab-nav\"><ul class=\"nav-tabs nav-justified\" role=\"tablist\"><li role=\"presentation\"><a class=\"tab-link\" data-toggle=\"tab\" role=\"tab\" aria-controls=\"tab-3545578eee3f1d0b04e\" aria-selected=\"false\" tabindex=\"-1\" id=\"mobile-fusion-tab-snala\u017eenjeu\u017eivotnimpromjenama\" href=\"#tab-3545578eee3f1d0b04e\"><h4 class=\"fusion-tab-heading\">Snala\u017eenje u \u017eivotnim promjenama<\/h4><\/a><\/li><\/ul><\/div><div class=\"tab-pane fade fusion-clearfix\" role=\"tabpanel\" tabindex=\"0\" aria-labelledby=\"fusion-tab-snala\u017eenjeu\u017eivotnimpromjenama\" id=\"tab-3545578eee3f1d0b04e\">\n<p>Pronala\u017eenje rje\u0161enja i podr\u0161ke u \u017eivotnim krizama<\/p>\n<p>Otkrivanje resursa<\/p>\n<p>Nova iskustva<\/p>\n<p>Promjene<\/p>\n<\/div><div class=\"nav fusion-mobile-tab-nav\"><ul class=\"nav-tabs nav-justified\" role=\"tablist\"><li role=\"presentation\"><a class=\"tab-link\" data-toggle=\"tab\" role=\"tab\" aria-controls=\"tab-2b4f26c927463562062\" aria-selected=\"false\" tabindex=\"-1\" id=\"mobile-fusion-tab-svijestomentalnomzdravlju\" href=\"#tab-2b4f26c927463562062\"><h4 class=\"fusion-tab-heading\">Svijest o mentalnom zdravlju<\/h4><\/a><\/li><\/ul><\/div><div class=\"tab-pane fade fusion-clearfix\" role=\"tabpanel\" tabindex=\"0\" aria-labelledby=\"fusion-tab-svijestomentalnomzdravlju\" id=\"tab-2b4f26c927463562062\">\n<p>Upravljanje anksiozno\u0161\u0107u, depresijom i stresom<\/p>\n<p>Postavljanje zdravih granica<\/p>\n<p>U\u010denje samoregulacije<\/p>\n<p>Samo-osvje\u0161tavanje<\/p>\n<\/div><div class=\"nav fusion-mobile-tab-nav\"><ul class=\"nav-tabs nav-justified\" role=\"tablist\"><li role=\"presentation\"><a class=\"tab-link\" data-toggle=\"tab\" role=\"tab\" aria-controls=\"tab-8c0c485df3a9885fea2\" aria-selected=\"false\" tabindex=\"-1\" id=\"mobile-fusion-tab-osobnirazvoj\" href=\"#tab-8c0c485df3a9885fea2\"><h4 class=\"fusion-tab-heading\"> Osobni razvoj<\/h4><\/a><\/li><\/ul><\/div><div class=\"tab-pane fade fusion-clearfix\" role=\"tabpanel\" tabindex=\"0\" aria-labelledby=\"fusion-tab-osobnirazvoj\" id=\"tab-8c0c485df3a9885fea2\">\n<p>Do\u017eivljavanje svjetla i sjene<\/p>\n<p>Biti s unutarnjim djetetom<\/p>\n<p>Tko sam ja<\/p>\n<p>Individualizacija<\/p>\n<p>Razvoj suosje\u0107anja<\/p>\n<\/div><div class=\"nav fusion-mobile-tab-nav\"><ul class=\"nav-tabs nav-justified\" role=\"tablist\"><li role=\"presentation\"><a class=\"tab-link\" data-toggle=\"tab\" role=\"tab\" aria-controls=\"tab-8881129a208a5c1e3cd\" aria-selected=\"false\" tabindex=\"-1\" id=\"mobile-fusion-tab-duhovnirast\" href=\"#tab-8881129a208a5c1e3cd\"><h4 class=\"fusion-tab-heading\">Duhovni rast<\/h4><\/a><\/li><\/ul><\/div><div class=\"tab-pane fade fusion-clearfix\" role=\"tabpanel\" tabindex=\"0\" aria-labelledby=\"fusion-tab-duhovnirast\" id=\"tab-8881129a208a5c1e3cd\">\n<p>Njegovanje du\u0161e<\/p>\n<\/div><div class=\"nav fusion-mobile-tab-nav\"><ul class=\"nav-tabs nav-justified\" role=\"tablist\"><li role=\"presentation\"><a class=\"tab-link\" data-toggle=\"tab\" role=\"tab\" aria-controls=\"tab-15ec692e5eedf686943\" aria-selected=\"false\" tabindex=\"-1\" id=\"mobile-fusion-tab-radnaciljevima\" href=\"#tab-15ec692e5eedf686943\"><h4 class=\"fusion-tab-heading\">Rad na ciljevima<\/h4><\/a><\/li><\/ul><\/div><div class=\"tab-pane fade fusion-clearfix\" role=\"tabpanel\" tabindex=\"0\" aria-labelledby=\"fusion-tab-radnaciljevima\" id=\"tab-15ec692e5eedf686943\">\n<p>Postizanje osobnih ciljeva<\/p>\n<\/div><\/div><\/div><\/div><\/div><\/div><\/div><\/p>\n","protected":false},"excerpt":{"rendered":"","protected":false},"author":1,"featured_media":0,"parent":0,"menu_order":0,"comment_status":"closed","ping_status":"closed","template":"100-width.php","meta":{"footnotes":""},"class_list":["post-2933","page","type-page","status-publish","hentry"],"_links":{"self":[{"href":"https:\/\/aleksandra-pintaric.com\/hr\/wp-json\/wp\/v2\/pages\/2933"}],"collection":[{"href":"https:\/\/aleksandra-pintaric.com\/hr\/wp-json\/wp\/v2\/pages"}],"about":[{"href":"https:\/\/aleksandra-pintaric.com\/hr\/wp-json\/wp\/v2\/types\/page"}],"author":[{"embeddable":true,"href":"https:\/\/aleksandra-pintaric.com\/hr\/wp-json\/wp\/v2\/users\/1"}],"replies":[{"embeddable":true,"href":"https:\/\/aleksandra-pintaric.com\/hr\/wp-json\/wp\/v2\/comments?post=2933"}],"version-history":[{"count":0,"href":"https:\/\/aleksandra-pintaric.com\/hr\/wp-json\/wp\/v2\/pages\/2933\/revisions"}],"wp:attachment":[{"href":"https:\/\/aleksandra-pintaric.com\/hr\/wp-json\/wp\/v2\/media?parent=2933"}],"curies":[{"name":"wp","href":"https:\/\/api.w.org\/{rel}","templated":true}]}}