{"id":2941,"date":"2022-04-06T21:42:59","date_gmt":"2022-04-06T19:42:59","guid":{"rendered":"https:\/\/aleksandra-pintaric.com\/aleksandra-pintaric-beratung\/"},"modified":"2023-07-07T20:47:48","modified_gmt":"2023-07-07T18:47:48","slug":"beratung","status":"publish","type":"page","link":"https:\/\/aleksandra-pintaric.com\/de\/beratung\/","title":{"rendered":"Beratung"},"content":{"rendered":"<p><div class=\"fusion-fullwidth fullwidth-box fusion-builder-row-1 fusion-flex-container nonhundred-percent-fullwidth non-hundred-percent-height-scrolling\" style=\"--awb-border-radius-top-left:0px;--awb-border-radius-top-right:0px;--awb-border-radius-bottom-right:0px;--awb-border-radius-bottom-left:0px;--awb-padding-top:2%;--awb-padding-bottom:2%;--awb-flex-wrap:wrap;\" ><div class=\"fusion-builder-row fusion-row fusion-flex-align-items-center fusion-flex-justify-content-center fusion-flex-content-wrap\" style=\"max-width:1320.8px;margin-left: calc(-4% \/ 2 );margin-right: calc(-4% \/ 2 );\"><div class=\"fusion-layout-column fusion_builder_column fusion-builder-column-0 fusion_builder_column_1_2 1_2 fusion-flex-column fusion-animated\" style=\"--awb-padding-top:70px;--awb-padding-right:70px;--awb-padding-bottom:70px;--awb-padding-left:70px;--awb-padding-top-medium:70px;--awb-padding-right-medium:70px;--awb-padding-bottom-medium:70px;--awb-padding-left-medium:70px;--awb-padding-top-small:30px;--awb-padding-right-small:30px;--awb-padding-bottom-small:20px;--awb-padding-left-small:30px;--awb-overflow:hidden;--awb-bg-position:center center;--awb-bg-blend:overlay;--awb-bg-size:cover;--awb-border-radius:12px 12px 80px 12px;--awb-width-large:50%;--awb-margin-top-large:0px;--awb-spacing-right-large:3.84%;--awb-margin-bottom-large:0px;--awb-spacing-left-large:3.84%;--awb-width-medium:100%;--awb-order-medium:0;--awb-spacing-right-medium:1.92%;--awb-spacing-left-medium:1.92%;--awb-width-small:100%;--awb-order-small:0;--awb-spacing-right-small:1.92%;--awb-spacing-left-small:1.92%;\" data-animationType=\"fadeInUp\" data-animationDuration=\"1.3\" data-animationOffset=\"top-into-view\"><div class=\"fusion-column-wrapper lazyload fusion-column-has-shadow fusion-flex-justify-content-flex-start fusion-content-layout-column fusion-column-has-bg-image\" data-bg-url=\"https:\/\/aleksandra-pintaric.com\/wp-content\/uploads\/2022\/04\/blue-tr3.png\" data-bg=\"https:\/\/aleksandra-pintaric.com\/wp-content\/uploads\/2022\/04\/blue-tr3.png\"><div class=\"fusion-text fusion-text-1 fusion-text-no-margin\" style=\"--awb-font-size:var(--awb-typography2-font-size);--awb-line-height:var(--awb-typography2-line-height);--awb-letter-spacing:var(--awb-typography2-letter-spacing);--awb-text-transform:var(--awb-typography2-text-transform);--awb-text-color:var(--awb-color8);--awb-margin-top:0px;--awb-margin-bottom:30px;--awb-text-font-family:var(--awb-typography2-font-family);--awb-text-font-weight:var(--awb-typography2-font-weight);--awb-text-font-style:var(--awb-typography2-font-style);\"><span class=\"fusion-highlight light highlight1 awb-highlight-marker\" style=\"--awb-color:var(--awb-color1);\">K\u00d6RPERORIENTIERTE BERATUNG<\/span>\n<\/div><div class=\"fusion-title title fusion-title-1 fusion-sep-none fusion-title-text fusion-title-size-two\" style=\"--awb-text-color:var(--awb-color8);--awb-margin-top:10px;--awb-margin-bottom:50px;--awb-margin-top-small:10px;--awb-margin-bottom-small:30px;\"><h2 class=\"fusion-title-heading title-heading-left fusion-responsive-typography-calculated\" style=\"margin:0;--fontSize:44;line-height:1.26;\"><p class=\"p1\">Nur ein paar Vorteile der Beratung<\/p><\/h2><\/div><div class=\"fusion-text fusion-text-2\" style=\"--awb-font-size:var(--awb-typography4-font-size);--awb-line-height:var(--awb-typography4-line-height);--awb-letter-spacing:var(--awb-typography4-letter-spacing);--awb-text-transform:var(--awb-typography4-text-transform);--awb-text-color:var(--awb-color8);--awb-text-font-family:var(--awb-typography4-font-family);--awb-text-font-weight:var(--awb-typography4-font-weight);--awb-text-font-style:var(--awb-typography4-font-style);\"><p class=\"p1\">Arbeit mit traumatischen Erfahrungen, F\u00e4higkeit, Grenzen zu setzen, Stressabbau, erh\u00f6htes Durchsetzungsverm\u00f6gen, Wiedererlangung des emotionalen Gleichgewichts, bessere Beziehungen, gr\u00f6\u00dferes Selbstvertrauen, weniger Angst.<\/p>\n<\/div><div class=\"fusion-text fusion-text-3\" style=\"--awb-font-size:var(--awb-typography4-font-size);--awb-line-height:var(--awb-typography4-line-height);--awb-letter-spacing:var(--awb-typography4-letter-spacing);--awb-text-transform:var(--awb-typography4-text-transform);--awb-text-color:var(--awb-color8);--awb-text-font-family:var(--awb-typography4-font-family);--awb-text-font-weight:var(--awb-typography4-font-weight);--awb-text-font-style:var(--awb-typography4-font-style);\"><p class=\"p1\">In der k\u00f6rperorientierten Beratung arbeiten wir mit den gespeicherten Emotionen und Stress in Ihrem K\u00f6rper (seit Ihrer Kindheit bis heute), um Ihnen zu helfen, einen nat\u00fcrlicheren und friedlicheren Zustand des Gleichgewichts in K\u00f6rper, Geist und Seele wiederherzustellen.<\/p>\n<\/div><\/div><\/div><div class=\"fusion-layout-column fusion_builder_column fusion-builder-column-1 fusion_builder_column_1_2 1_2 fusion-flex-column\" style=\"--awb-bg-size:cover;--awb-width-large:50%;--awb-margin-top-large:25px;--awb-spacing-right-large:3.84%;--awb-margin-bottom-large:25px;--awb-spacing-left-large:3.84%;--awb-width-medium:100%;--awb-order-medium:0;--awb-spacing-right-medium:1.92%;--awb-spacing-left-medium:1.92%;--awb-width-small:100%;--awb-order-small:0;--awb-spacing-right-small:1.92%;--awb-spacing-left-small:1.92%;\"><div class=\"fusion-column-wrapper fusion-column-has-shadow fusion-flex-justify-content-flex-start fusion-content-layout-column\"><div class=\"fusion-image-element \" style=\"text-align:center;--awb-caption-title-font-family:var(--h2_typography-font-family);--awb-caption-title-font-weight:var(--h2_typography-font-weight);--awb-caption-title-font-style:var(--h2_typography-font-style);--awb-caption-title-size:var(--h2_typography-font-size);--awb-caption-title-transform:var(--h2_typography-text-transform);--awb-caption-title-line-height:var(--h2_typography-line-height);--awb-caption-title-letter-spacing:var(--h2_typography-letter-spacing);\"><span class=\" fusion-imageframe imageframe-none imageframe-1 hover-type-none\"><img decoding=\"async\" width=\"744\" height=\"400\" title=\"Beratung\" src=\"https:\/\/aleksandra-pintaric.com\/wp-content\/uploads\/2022\/05\/counseling.png\" data-orig-src=\"https:\/\/aleksandra-pintaric.com\/wp-content\/uploads\/2022\/05\/counseling.png\" alt class=\"lazyload img-responsive wp-image-3419\" srcset=\"data:image\/svg+xml,%3Csvg%20xmlns%3D%27http%3A%2F%2Fwww.w3.org%2F2000%2Fsvg%27%20width%3D%27744%27%20height%3D%27400%27%20viewBox%3D%270%200%20744%20400%27%3E%3Crect%20width%3D%27744%27%20height%3D%27400%27%20fill-opacity%3D%220%22%2F%3E%3C%2Fsvg%3E\" data-srcset=\"https:\/\/aleksandra-pintaric.com\/wp-content\/uploads\/2022\/05\/counseling-200x108.png 200w, https:\/\/aleksandra-pintaric.com\/wp-content\/uploads\/2022\/05\/counseling-400x215.png 400w, https:\/\/aleksandra-pintaric.com\/wp-content\/uploads\/2022\/05\/counseling-600x323.png 600w, https:\/\/aleksandra-pintaric.com\/wp-content\/uploads\/2022\/05\/counseling.png 744w\" data-sizes=\"auto\" data-orig-sizes=\"(max-width: 1024px) 100vw, (max-width: 640px) 100vw, 600px\" \/><\/span><\/div><\/div><\/div><\/div><\/div><div class=\"fusion-fullwidth fullwidth-box fusion-builder-row-2 fusion-flex-container nonhundred-percent-fullwidth non-hundred-percent-height-scrolling\" style=\"--awb-border-radius-top-left:0px;--awb-border-radius-top-right:0px;--awb-border-radius-bottom-right:0px;--awb-border-radius-bottom-left:0px;--awb-background-image:linear-gradient(180deg, var(--awb-color2) 0%,var(--awb-color1) 100%);--awb-flex-wrap:wrap;\" ><div class=\"fusion-builder-row fusion-row fusion-flex-align-items-flex-start fusion-flex-content-wrap\" style=\"max-width:1320.8px;margin-left: calc(-4% \/ 2 );margin-right: calc(-4% \/ 2 );\"><div class=\"fusion-layout-column fusion_builder_column fusion-builder-column-2 fusion_builder_column_1_1 1_1 fusion-flex-column\" style=\"--awb-bg-size:cover;--awb-width-large:100%;--awb-margin-top-large:25px;--awb-spacing-right-large:1.92%;--awb-margin-bottom-large:25px;--awb-spacing-left-large:1.92%;--awb-width-medium:100%;--awb-order-medium:0;--awb-spacing-right-medium:1.92%;--awb-spacing-left-medium:1.92%;--awb-width-small:100%;--awb-order-small:0;--awb-spacing-right-small:1.92%;--awb-spacing-left-small:1.92%;\"><div class=\"fusion-column-wrapper fusion-column-has-shadow fusion-flex-justify-content-flex-start fusion-content-layout-column\"><div class=\"fusion-tabs fusion-tabs-1 clean nav-is-justified benefits-tabs horizontal-tabs icon-position-left mobile-mode-accordion\" style=\"--awb-title-border-radius-top-left:0px;--awb-title-border-radius-top-right:0px;--awb-title-border-radius-bottom-right:0px;--awb-title-border-radius-bottom-left:0px;--awb-inactive-color:var(--awb-color2);--awb-background-color:var(--awb-color1);--awb-border-color:var(--awb-color3);--awb-active-border-color:var(--awb-color7);\" id=\"benefits-tabs\"><div class=\"nav\"><ul class=\"nav-tabs nav-justified\" role=\"tablist\"><li class=\"active\" role=\"presentation\"><a class=\"tab-link\" data-toggle=\"tab\" role=\"tab\" aria-controls=\"tab-fc17dbbea960614fd95\" aria-selected=\"true\" id=\"fusion-tab-emotionalesgleichgewicht\" href=\"#tab-fc17dbbea960614fd95\"><h4 class=\"fusion-tab-heading\">Emotionales Gleichgewicht<\/h4><\/a><\/li><li role=\"presentation\"><a class=\"tab-link\" data-toggle=\"tab\" role=\"tab\" aria-controls=\"tab-e4a3edc7440f1e886e9\" aria-selected=\"false\" tabindex=\"-1\" id=\"fusion-tab-umgangmitlebensver\u00e4nderungen\" href=\"#tab-e4a3edc7440f1e886e9\"><h4 class=\"fusion-tab-heading\">Umgang mit Lebensver\u00e4nderungen<\/h4><\/a><\/li><li role=\"presentation\"><a class=\"tab-link\" data-toggle=\"tab\" role=\"tab\" aria-controls=\"tab-9a08f33428d1c524653\" aria-selected=\"false\" tabindex=\"-1\" id=\"fusion-tab-bewusstseinf\u00fcrpsychischegesundheit\" href=\"#tab-9a08f33428d1c524653\"><h4 class=\"fusion-tab-heading\">Bewusstsein f\u00fcr psychische Gesundheit<\/h4><\/a><\/li><li role=\"presentation\"><a class=\"tab-link\" data-toggle=\"tab\" role=\"tab\" aria-controls=\"tab-12316d57676f1eaa3ea\" aria-selected=\"false\" tabindex=\"-1\" id=\"fusion-tab-pers\u00f6nlicheentwicklung\" href=\"#tab-12316d57676f1eaa3ea\"><h4 class=\"fusion-tab-heading\"> Pers\u00f6nliche Entwicklung<\/h4><\/a><\/li><li role=\"presentation\"><a class=\"tab-link\" data-toggle=\"tab\" role=\"tab\" aria-controls=\"tab-3df1075d9052655d2da\" aria-selected=\"false\" tabindex=\"-1\" id=\"fusion-tab-spirituelleswachstum\" href=\"#tab-3df1075d9052655d2da\"><h4 class=\"fusion-tab-heading\">Spirituelles Wachstum<\/h4><\/a><\/li><li role=\"presentation\"><a class=\"tab-link\" data-toggle=\"tab\" role=\"tab\" aria-controls=\"tab-ac986b23af7a02c5d8d\" aria-selected=\"false\" tabindex=\"-1\" id=\"fusion-tab-herausarbeitenvonzielen\" href=\"#tab-ac986b23af7a02c5d8d\"><h4 class=\"fusion-tab-heading\">Herausarbeiten von Zielen<\/h4><\/a><\/li><\/ul><\/div><div class=\"tab-content\"><div class=\"nav fusion-mobile-tab-nav\"><ul class=\"nav-tabs nav-justified\" role=\"tablist\"><li class=\"active\" role=\"presentation\"><a class=\"tab-link\" data-toggle=\"tab\" role=\"tab\" aria-controls=\"tab-fc17dbbea960614fd95\" aria-selected=\"true\" id=\"mobile-fusion-tab-emotionalesgleichgewicht\" href=\"#tab-fc17dbbea960614fd95\"><h4 class=\"fusion-tab-heading\">Emotionales Gleichgewicht<\/h4><\/a><\/li><\/ul><\/div><div class=\"tab-pane fade fusion-clearfix in active\" role=\"tabpanel\" tabindex=\"0\" aria-labelledby=\"fusion-tab-emotionalesgleichgewicht\" id=\"tab-fc17dbbea960614fd95\">\n<p>Die Weisheit des K\u00f6rpers erfahren<\/p>\n<p>Gef\u00fchle flie\u00dfen lassen<\/p>\n<p>Emotionalen Schmerz anerkennen<\/p>\n<p>Heilung erleben<\/p>\n<p>Finden Sie einen liebevollen Umgang mit sich und anderen<\/p>\n<\/div><div class=\"nav fusion-mobile-tab-nav\"><ul class=\"nav-tabs nav-justified\" role=\"tablist\"><li role=\"presentation\"><a class=\"tab-link\" data-toggle=\"tab\" role=\"tab\" aria-controls=\"tab-e4a3edc7440f1e886e9\" aria-selected=\"false\" tabindex=\"-1\" id=\"mobile-fusion-tab-umgangmitlebensver\u00e4nderungen\" href=\"#tab-e4a3edc7440f1e886e9\"><h4 class=\"fusion-tab-heading\">Umgang mit Lebensver\u00e4nderungen<\/h4><\/a><\/li><\/ul><\/div><div class=\"tab-pane fade fusion-clearfix\" role=\"tabpanel\" tabindex=\"0\" aria-labelledby=\"fusion-tab-umgangmitlebensver\u00e4nderungen\" id=\"tab-e4a3edc7440f1e886e9\">\n<p>L\u00f6sungen und Unterst\u00fctzung in Lebenskrisen finden<\/p>\n<p>Ressourcen entdecken<\/p>\n<p>Neue Erfahrungen<\/p>\n<p>\u00c4nderungen<\/p>\n<\/div><div class=\"nav fusion-mobile-tab-nav\"><ul class=\"nav-tabs nav-justified\" role=\"tablist\"><li role=\"presentation\"><a class=\"tab-link\" data-toggle=\"tab\" role=\"tab\" aria-controls=\"tab-9a08f33428d1c524653\" aria-selected=\"false\" tabindex=\"-1\" id=\"mobile-fusion-tab-bewusstseinf\u00fcrpsychischegesundheit\" href=\"#tab-9a08f33428d1c524653\"><h4 class=\"fusion-tab-heading\">Bewusstsein f\u00fcr psychische Gesundheit<\/h4><\/a><\/li><\/ul><\/div><div class=\"tab-pane fade fusion-clearfix\" role=\"tabpanel\" tabindex=\"0\" aria-labelledby=\"fusion-tab-bewusstseinf\u00fcrpsychischegesundheit\" id=\"tab-9a08f33428d1c524653\">\n<p>Angst, Depression und Stressbew\u00e4ltigung<\/p>\n<p>Gesunde Grenzen setzen<\/p>\n<p>Selbstregulation lernen<\/p>\n<p>Selbstbewusstsein<\/p>\n<\/div><div class=\"nav fusion-mobile-tab-nav\"><ul class=\"nav-tabs nav-justified\" role=\"tablist\"><li role=\"presentation\"><a class=\"tab-link\" data-toggle=\"tab\" role=\"tab\" aria-controls=\"tab-12316d57676f1eaa3ea\" aria-selected=\"false\" tabindex=\"-1\" id=\"mobile-fusion-tab-pers\u00f6nlicheentwicklung\" href=\"#tab-12316d57676f1eaa3ea\"><h4 class=\"fusion-tab-heading\"> Pers\u00f6nliche Entwicklung<\/h4><\/a><\/li><\/ul><\/div><div class=\"tab-pane fade fusion-clearfix\" role=\"tabpanel\" tabindex=\"0\" aria-labelledby=\"fusion-tab-pers\u00f6nlicheentwicklung\" id=\"tab-12316d57676f1eaa3ea\">\n<p>Licht und Schatten erfahren<\/p>\n<p>Beim inneren Kind sein<\/p>\n<p>Wer bin ich<\/p>\n<p>Individualisierung<\/p>\n<p>Entwicklung von Mitgef\u00fchl<\/p>\n<\/div><div class=\"nav fusion-mobile-tab-nav\"><ul class=\"nav-tabs nav-justified\" role=\"tablist\"><li role=\"presentation\"><a class=\"tab-link\" data-toggle=\"tab\" role=\"tab\" aria-controls=\"tab-3df1075d9052655d2da\" aria-selected=\"false\" tabindex=\"-1\" id=\"mobile-fusion-tab-spirituelleswachstum\" href=\"#tab-3df1075d9052655d2da\"><h4 class=\"fusion-tab-heading\">Spirituelles Wachstum<\/h4><\/a><\/li><\/ul><\/div><div class=\"tab-pane fade fusion-clearfix\" role=\"tabpanel\" tabindex=\"0\" aria-labelledby=\"fusion-tab-spirituelleswachstum\" id=\"tab-3df1075d9052655d2da\">\n<p>Seelenpflege<\/p>\n<\/div><div class=\"nav fusion-mobile-tab-nav\"><ul class=\"nav-tabs nav-justified\" role=\"tablist\"><li role=\"presentation\"><a class=\"tab-link\" data-toggle=\"tab\" role=\"tab\" aria-controls=\"tab-ac986b23af7a02c5d8d\" aria-selected=\"false\" tabindex=\"-1\" id=\"mobile-fusion-tab-herausarbeitenvonzielen\" href=\"#tab-ac986b23af7a02c5d8d\"><h4 class=\"fusion-tab-heading\">Herausarbeiten von Zielen<\/h4><\/a><\/li><\/ul><\/div><div class=\"tab-pane fade fusion-clearfix\" role=\"tabpanel\" tabindex=\"0\" aria-labelledby=\"fusion-tab-herausarbeitenvonzielen\" id=\"tab-ac986b23af7a02c5d8d\">\n<p>Pers\u00f6nliche Ziele erreichen<\/p>\n<\/div><\/div><\/div><\/div><\/div><\/div><\/div><\/p>\n","protected":false},"excerpt":{"rendered":"","protected":false},"author":1,"featured_media":0,"parent":0,"menu_order":0,"comment_status":"closed","ping_status":"closed","template":"100-width.php","meta":{"footnotes":""},"class_list":["post-2941","page","type-page","status-publish","hentry"],"_links":{"self":[{"href":"https:\/\/aleksandra-pintaric.com\/de\/wp-json\/wp\/v2\/pages\/2941"}],"collection":[{"href":"https:\/\/aleksandra-pintaric.com\/de\/wp-json\/wp\/v2\/pages"}],"about":[{"href":"https:\/\/aleksandra-pintaric.com\/de\/wp-json\/wp\/v2\/types\/page"}],"author":[{"embeddable":true,"href":"https:\/\/aleksandra-pintaric.com\/de\/wp-json\/wp\/v2\/users\/1"}],"replies":[{"embeddable":true,"href":"https:\/\/aleksandra-pintaric.com\/de\/wp-json\/wp\/v2\/comments?post=2941"}],"version-history":[{"count":0,"href":"https:\/\/aleksandra-pintaric.com\/de\/wp-json\/wp\/v2\/pages\/2941\/revisions"}],"wp:attachment":[{"href":"https:\/\/aleksandra-pintaric.com\/de\/wp-json\/wp\/v2\/media?parent=2941"}],"curies":[{"name":"wp","href":"https:\/\/api.w.org\/{rel}","templated":true}]}}